{"id":22219,"date":"2021-08-19T01:22:08","date_gmt":"2021-08-18T23:22:08","guid":{"rendered":"https:\/\/beyondinner.com\/comunitati\/"},"modified":"2025-09-06T14:42:55","modified_gmt":"2025-09-06T12:42:55","slug":"comunitati","status":"publish","type":"page","link":"https:\/\/beyondinner.com\/ro\/comunitati\/","title":{"rendered":"Comunit\u0103\u021bi"},"content":{"rendered":"\t\t<div data-elementor-type=\"wp-page\" data-elementor-id=\"22219\" class=\"elementor elementor-22219 elementor-21581\" data-elementor-post-type=\"page\">\n\t\t\t\t\t\t<section class=\"elementor-section elementor-top-section elementor-element elementor-element-aa03d66 elementor-section-height-min-height elementor-section-stretched elementor-section-boxed elementor-section-height-default elementor-section-items-middle\" data-id=\"aa03d66\" data-element_type=\"section\" data-e-type=\"section\" data-settings=\"{&quot;stretch_section&quot;:&quot;section-stretched&quot;,&quot;background_background&quot;:&quot;classic&quot;}\">\n\t\t\t\t\t\t\t<div class=\"elementor-background-overlay\"><\/div>\n\t\t\t\t\t\t\t<div class=\"elementor-container elementor-column-gap-no\">\n\t\t\t\t\t<div class=\"elementor-column elementor-col-100 elementor-top-column elementor-element elementor-element-c0e9765\" data-id=\"c0e9765\" data-element_type=\"column\" data-e-type=\"column\">\n\t\t\t<div class=\"elementor-widget-wrap elementor-element-populated\">\n\t\t\t\t\t\t<div class=\"elementor-element elementor-element-ee79750 animated-slow elementor-invisible elementor-widget elementor-widget-heading\" data-id=\"ee79750\" data-element_type=\"widget\" data-e-type=\"widget\" data-settings=\"{&quot;_animation&quot;:&quot;fadeIn&quot;,&quot;_animation_delay&quot;:100}\" data-widget_type=\"heading.default\">\n\t\t\t\t<div class=\"elementor-widget-container\">\n\t\t\t\t\t<h1 class=\"elementor-heading-title elementor-size-default\">Comunit\u0103\u021bile noastre con\u0219tiente<\/h1>\t\t\t\t<\/div>\n\t\t\t\t<\/div>\n\t\t\t\t<div class=\"elementor-element elementor-element-c40cbbd animated-slow elementor-invisible elementor-widget elementor-widget-heading\" data-id=\"c40cbbd\" data-element_type=\"widget\" data-e-type=\"widget\" data-settings=\"{&quot;_animation&quot;:&quot;fadeInUp&quot;,&quot;_animation_delay&quot;:200}\" data-widget_type=\"heading.default\">\n\t\t\t\t<div class=\"elementor-widget-container\">\n\t\t\t\t\t<h4 class=\"elementor-heading-title elementor-size-default\">Alege\u021bi un epicentru holistic pentru evenimente<\/h4>\t\t\t\t<\/div>\n\t\t\t\t<\/div>\n\t\t\t\t\t<\/div>\n\t\t<\/div>\n\t\t\t\t\t<\/div>\n\t\t<\/section>\n\t\t\t\t<section class=\"elementor-section elementor-top-section elementor-element elementor-element-d26eeaa elementor-section-stretched elementor-section-boxed elementor-section-height-default elementor-section-height-default\" data-id=\"d26eeaa\" data-element_type=\"section\" data-e-type=\"section\" data-settings=\"{&quot;stretch_section&quot;:&quot;section-stretched&quot;}\">\n\t\t\t\t\t\t<div class=\"elementor-container elementor-column-gap-default\">\n\t\t\t\t\t<div class=\"elementor-column elementor-col-100 elementor-top-column elementor-element elementor-element-86a37a2\" data-id=\"86a37a2\" data-element_type=\"column\" data-e-type=\"column\">\n\t\t\t<div class=\"elementor-widget-wrap elementor-element-populated\">\n\t\t\t\t\t\t<div class=\"elementor-element elementor-element-60962a8 animated-slow elementor-widget elementor-widget-heading\" data-id=\"60962a8\" data-element_type=\"widget\" data-e-type=\"widget\" data-settings=\"{&quot;_animation&quot;:&quot;none&quot;,&quot;_animation_delay&quot;:100}\" data-widget_type=\"heading.default\">\n\t\t\t\t<div class=\"elementor-widget-container\">\n\t\t\t\t\t<h2 class=\"elementor-heading-title elementor-size-default\">Al\u0103tura\u021bi-v\u0103 mi\u0219c\u0103rii miilor de oameni din \u00eentreaga lume care au decis s\u0103 se implice \u00een propria lor putere creativ\u0103. Dup\u0103 7 ani \u00een care am pus bazele \u0219i ne-am \u00eenc\u0103lzit ca organiza\u021bie uman\u0103 \u0219i de afaceri, suntem pe cale s\u0103 \u00eencepem o nou\u0103 er\u0103 de expansiune global\u0103 mai mare, ca rezultat al unei \u00eenflorituri naturale a ideii originale \u0219i a oamenilor care alc\u0103tuiesc acest grup uman \u0219i de afaceri, pe care \u00eel numim cu afec\u021biune FAMILIA. Acum mergem mai departe, cre\u0103m primul Club de autocunoa\u0219tere \u0219i evolu\u021bie interioar\u0103 din lume, \u00eencep\u00e2nd de ast\u0103zi.   Translated with www.DeepL.com\/Translator (free version)<\/h2>\t\t\t\t<\/div>\n\t\t\t\t<\/div>\n\t\t\t\t\t<\/div>\n\t\t<\/div>\n\t\t\t\t\t<\/div>\n\t\t<\/section>\n\t\t\t\t<section class=\"elementor-section elementor-top-section elementor-element elementor-element-77094db elementor-section-stretched elementor-section-boxed elementor-section-height-default elementor-section-height-default\" data-id=\"77094db\" data-element_type=\"section\" data-e-type=\"section\" data-settings=\"{&quot;stretch_section&quot;:&quot;section-stretched&quot;,&quot;background_background&quot;:&quot;classic&quot;}\">\n\t\t\t\t\t\t<div class=\"elementor-container elementor-column-gap-default\">\n\t\t\t\t\t<div class=\"elementor-column elementor-col-100 elementor-top-column elementor-element elementor-element-7d02258\" data-id=\"7d02258\" data-element_type=\"column\" data-e-type=\"column\">\n\t\t\t<div class=\"elementor-widget-wrap elementor-element-populated\">\n\t\t\t\t\t\t<div class=\"elementor-element elementor-element-8ae0c93 animated-slow elementor-widget elementor-widget-heading\" data-id=\"8ae0c93\" data-element_type=\"widget\" data-e-type=\"widget\" data-settings=\"{&quot;_animation&quot;:&quot;none&quot;,&quot;_animation_delay&quot;:1000}\" data-widget_type=\"heading.default\">\n\t\t\t\t<div class=\"elementor-widget-container\">\n\t\t\t\t\t<h2 class=\"elementor-heading-title elementor-size-default\">Alege\u021bi un epicentru holistic pentru a vedea evenimentele<\/h2>\t\t\t\t<\/div>\n\t\t\t\t<\/div>\n\t\t\t\t<section class=\"elementor-section elementor-inner-section elementor-element elementor-element-f3eac18 elementor-section-boxed elementor-section-height-default elementor-section-height-default\" data-id=\"f3eac18\" data-element_type=\"section\" data-e-type=\"section\">\n\t\t\t\t\t\t<div class=\"elementor-container elementor-column-gap-default\">\n\t\t\t\t\t<div class=\"elementor-column elementor-col-50 elementor-inner-column elementor-element elementor-element-b8aaa62\" data-id=\"b8aaa62\" data-element_type=\"column\" data-e-type=\"column\" data-settings=\"{&quot;background_background&quot;:&quot;classic&quot;}\">\n\t\t\t<div class=\"elementor-widget-wrap elementor-element-populated\">\n\t\t\t\t\t\t<div class=\"elementor-element elementor-element-12d896d elementor-position-top elementor-widget elementor-widget-image-box\" data-id=\"12d896d\" data-element_type=\"widget\" data-e-type=\"widget\" data-widget_type=\"image-box.default\">\n\t\t\t\t<div class=\"elementor-widget-container\">\n\t\t\t\t\t<div class=\"elementor-image-box-wrapper\"><figure class=\"elementor-image-box-img\"><a href=\"https:\/\/beyondinner.com\/ro\/club-milano-ro\/\" target=\"_blank\" tabindex=\"-1\"><img fetchpriority=\"high\" decoding=\"async\" width=\"1700\" height=\"606\" src=\"https:\/\/beyondinner.com\/wp-content\/uploads\/2021\/07\/portada-beyond-milan.jpg\" class=\"attachment-full size-full wp-image-21644\" alt=\"\" srcset=\"https:\/\/beyondinner.com\/wp-content\/uploads\/2021\/07\/portada-beyond-milan.jpg 1700w, https:\/\/beyondinner.com\/wp-content\/uploads\/2021\/07\/portada-beyond-milan-500x178.jpg 500w, https:\/\/beyondinner.com\/wp-content\/uploads\/2021\/07\/portada-beyond-milan-300x107.jpg 300w, https:\/\/beyondinner.com\/wp-content\/uploads\/2021\/07\/portada-beyond-milan-1024x365.jpg 1024w, https:\/\/beyondinner.com\/wp-content\/uploads\/2021\/07\/portada-beyond-milan-768x274.jpg 768w, https:\/\/beyondinner.com\/wp-content\/uploads\/2021\/07\/portada-beyond-milan-1536x548.jpg 1536w, https:\/\/beyondinner.com\/wp-content\/uploads\/2021\/07\/portada-beyond-milan-700x250.jpg 700w, https:\/\/beyondinner.com\/wp-content\/uploads\/2021\/07\/portada-beyond-milan-168x60.jpg 168w, https:\/\/beyondinner.com\/wp-content\/uploads\/2021\/07\/portada-beyond-milan-252x90.jpg 252w\" sizes=\"(max-width: 1700px) 100vw, 1700px\" \/><\/a><\/figure><div class=\"elementor-image-box-content\"><h3 class=\"elementor-image-box-title\"><a href=\"https:\/\/beyondinner.com\/ro\/club-milano-ro\/\" target=\"_blank\">Milano<\/a><\/h3><p class=\"elementor-image-box-description\">Italia<\/p><\/div><\/div>\t\t\t\t<\/div>\n\t\t\t\t<\/div>\n\t\t\t\t\t<\/div>\n\t\t<\/div>\n\t\t\t\t<div class=\"elementor-column elementor-col-50 elementor-inner-column elementor-element elementor-element-a8135a2\" data-id=\"a8135a2\" data-element_type=\"column\" data-e-type=\"column\" data-settings=\"{&quot;background_background&quot;:&quot;classic&quot;}\">\n\t\t\t<div class=\"elementor-widget-wrap elementor-element-populated\">\n\t\t\t\t\t\t<div class=\"elementor-element elementor-element-fe25df9 elementor-position-top elementor-widget elementor-widget-image-box\" data-id=\"fe25df9\" data-element_type=\"widget\" data-e-type=\"widget\" data-widget_type=\"image-box.default\">\n\t\t\t\t<div class=\"elementor-widget-container\">\n\t\t\t\t\t<div class=\"elementor-image-box-wrapper\"><figure class=\"elementor-image-box-img\"><a href=\"https:\/\/beyondinner.com\/ro\/ro-club-hamburg\/\" target=\"_blank\" tabindex=\"-1\"><img decoding=\"async\" width=\"1700\" height=\"606\" src=\"https:\/\/beyondinner.com\/wp-content\/uploads\/2025\/09\/portada-hamburgo.webp\" class=\"attachment-full size-full wp-image-30943\" alt=\"\" srcset=\"https:\/\/beyondinner.com\/wp-content\/uploads\/2025\/09\/portada-hamburgo.webp 1700w, https:\/\/beyondinner.com\/wp-content\/uploads\/2025\/09\/portada-hamburgo-300x107.webp 300w, https:\/\/beyondinner.com\/wp-content\/uploads\/2025\/09\/portada-hamburgo-1024x365.webp 1024w, https:\/\/beyondinner.com\/wp-content\/uploads\/2025\/09\/portada-hamburgo-768x274.webp 768w, https:\/\/beyondinner.com\/wp-content\/uploads\/2025\/09\/portada-hamburgo-1536x548.webp 1536w, https:\/\/beyondinner.com\/wp-content\/uploads\/2025\/09\/portada-hamburgo-500x178.webp 500w\" sizes=\"(max-width: 1700px) 100vw, 1700px\" \/><\/a><\/figure><div class=\"elementor-image-box-content\"><h3 class=\"elementor-image-box-title\"><a href=\"https:\/\/beyondinner.com\/ro\/ro-club-hamburg\/\" target=\"_blank\">Hamburg<\/a><\/h3><p class=\"elementor-image-box-description\">Germania<\/p><\/div><\/div>\t\t\t\t<\/div>\n\t\t\t\t<\/div>\n\t\t\t\t\t<\/div>\n\t\t<\/div>\n\t\t\t\t\t<\/div>\n\t\t<\/section>\n\t\t\t\t\t<\/div>\n\t\t<\/div>\n\t\t\t\t\t<\/div>\n\t\t<\/section>\n\t\t\t\t<\/div>\n\t\t","protected":false},"excerpt":{"rendered":"<p>Comunit\u0103\u021bile noastre con\u0219tiente Alege\u021bi un epicentru holistic pentru evenimente Al\u0103tura\u021bi-v\u0103 mi\u0219c\u0103rii miilor de oameni din \u00eentreaga lume care au decis s\u0103 se implice \u00een propria lor putere creativ\u0103. Dup\u0103 7 ani \u00een care am pus bazele \u0219i ne-am \u00eenc\u0103lzit ca organiza\u021bie uman\u0103 \u0219i de afaceri, suntem pe cale s\u0103 \u00eencepem o nou\u0103 er\u0103 de expansiune [&hellip;]<\/p>\n","protected":false},"author":9,"featured_media":0,"parent":0,"menu_order":0,"comment_status":"closed","ping_status":"closed","template":"","meta":{"_acf_changed":false,"site-sidebar-layout":"no-sidebar","site-content-layout":"plain-container","ast-site-content-layout":"default","site-content-style":"default","site-sidebar-style":"default","ast-global-header-display":"","ast-banner-title-visibility":"","ast-main-header-display":"disabled","ast-hfb-above-header-display":"","ast-hfb-below-header-display":"","ast-hfb-mobile-header-display":"disabled","site-post-title":"disabled","ast-breadcrumbs-content":"","ast-featured-img":"disabled","footer-sml-layout":"disabled","ast-disable-related-posts":"","theme-transparent-header-meta":"default","adv-header-id-meta":"","stick-header-meta":"","header-above-stick-meta":"","header-main-stick-meta":"","header-below-stick-meta":"","astra-migrate-meta-layouts":"default","ast-page-background-enabled":"default","ast-page-background-meta":{"desktop":{"background-color":"","background-image":"","background-repeat":"repeat","background-position":"center center","background-size":"auto","background-attachment":"scroll","background-type":"","background-media":"","overlay-type":"","overlay-color":"","overlay-opacity":"","overlay-gradient":""},"tablet":{"background-color":"","background-image":"","background-repeat":"repeat","background-position":"center center","background-size":"auto","background-attachment":"scroll","background-type":"","background-media":"","overlay-type":"","overlay-color":"","overlay-opacity":"","overlay-gradient":""},"mobile":{"background-color":"","background-image":"","background-repeat":"repeat","background-position":"center center","background-size":"auto","background-attachment":"scroll","background-type":"","background-media":"","overlay-type":"","overlay-color":"","overlay-opacity":"","overlay-gradient":""}},"ast-content-background-meta":{"desktop":{"background-color":"var(--ast-global-color-5)","background-image":"","background-repeat":"repeat","background-position":"center center","background-size":"auto","background-attachment":"scroll","background-type":"","background-media":"","overlay-type":"","overlay-color":"","overlay-opacity":"","overlay-gradient":""},"tablet":{"background-color":"var(--ast-global-color-5)","background-image":"","background-repeat":"repeat","background-position":"center center","background-size":"auto","background-attachment":"scroll","background-type":"","background-media":"","overlay-type":"","overlay-color":"","overlay-opacity":"","overlay-gradient":""},"mobile":{"background-color":"var(--ast-global-color-5)","background-image":"","background-repeat":"repeat","background-position":"center center","background-size":"auto","background-attachment":"scroll","background-type":"","background-media":"","overlay-type":"","overlay-color":"","overlay-opacity":"","overlay-gradient":""}},"_joinchat":[],"footnotes":""},"yst_prominent_words":[],"class_list":["post-22219","page","type-page","status-publish","hentry"],"acf":[],"jetpack_sharing_enabled":true,"_links":{"self":[{"href":"https:\/\/beyondinner.com\/ro\/wp-json\/wp\/v2\/pages\/22219","targetHints":{"allow":["GET"]}}],"collection":[{"href":"https:\/\/beyondinner.com\/ro\/wp-json\/wp\/v2\/pages"}],"about":[{"href":"https:\/\/beyondinner.com\/ro\/wp-json\/wp\/v2\/types\/page"}],"author":[{"embeddable":true,"href":"https:\/\/beyondinner.com\/ro\/wp-json\/wp\/v2\/users\/9"}],"replies":[{"embeddable":true,"href":"https:\/\/beyondinner.com\/ro\/wp-json\/wp\/v2\/comments?post=22219"}],"version-history":[{"count":3,"href":"https:\/\/beyondinner.com\/ro\/wp-json\/wp\/v2\/pages\/22219\/revisions"}],"predecessor-version":[{"id":31047,"href":"https:\/\/beyondinner.com\/ro\/wp-json\/wp\/v2\/pages\/22219\/revisions\/31047"}],"wp:attachment":[{"href":"https:\/\/beyondinner.com\/ro\/wp-json\/wp\/v2\/media?parent=22219"}],"wp:term":[{"taxonomy":"yst_prominent_words","embeddable":true,"href":"https:\/\/beyondinner.com\/ro\/wp-json\/wp\/v2\/yst_prominent_words?post=22219"}],"curies":[{"name":"wp","href":"https:\/\/api.w.org\/{rel}","templated":true}]}}