{"id":22640,"date":"2021-11-03T16:02:13","date_gmt":"2021-11-03T15:02:13","guid":{"rendered":"https:\/\/beyondinner.com\/termini-e-condizioni\/"},"modified":"2025-09-06T15:43:12","modified_gmt":"2025-09-06T13:43:12","slug":"termini-e-condizioni","status":"publish","type":"page","link":"https:\/\/beyondinner.com\/it\/termini-e-condizioni\/","title":{"rendered":"Termini e condizioni"},"content":{"rendered":"\t\t<div data-elementor-type=\"wp-page\" data-elementor-id=\"22640\" class=\"elementor elementor-22640 elementor-22619\" data-elementor-post-type=\"page\">\n\t\t\t\t\t\t<section class=\"elementor-section elementor-top-section elementor-element elementor-element-660e04b elementor-section-boxed elementor-section-height-default elementor-section-height-default\" data-id=\"660e04b\" data-element_type=\"section\" data-e-type=\"section\" data-settings=\"{&quot;background_background&quot;:&quot;classic&quot;}\">\n\t\t\t\t\t\t<div class=\"elementor-container elementor-column-gap-default\">\n\t\t\t\t\t<div class=\"elementor-column elementor-col-100 elementor-top-column elementor-element elementor-element-8cca567\" data-id=\"8cca567\" data-element_type=\"column\" data-e-type=\"column\">\n\t\t\t<div class=\"elementor-widget-wrap elementor-element-populated\">\n\t\t\t\t\t\t<div class=\"elementor-element elementor-element-0add63c elementor-widget elementor-widget-heading\" data-id=\"0add63c\" data-element_type=\"widget\" data-e-type=\"widget\" data-widget_type=\"heading.default\">\n\t\t\t\t<div class=\"elementor-widget-container\">\n\t\t\t\t\t<h2 class=\"elementor-heading-title elementor-size-default\">Termini e condizioni<\/h2>\t\t\t\t<\/div>\n\t\t\t\t<\/div>\n\t\t\t\t\t<\/div>\n\t\t<\/div>\n\t\t\t\t\t<\/div>\n\t\t<\/section>\n\t\t\t\t<section class=\"elementor-section elementor-top-section elementor-element elementor-element-8dd3693 elementor-section-boxed elementor-section-height-default elementor-section-height-default\" data-id=\"8dd3693\" data-element_type=\"section\" data-e-type=\"section\">\n\t\t\t\t\t\t<div class=\"elementor-container elementor-column-gap-default\">\n\t\t\t\t\t<div class=\"elementor-column elementor-col-100 elementor-top-column elementor-element elementor-element-88ded06\" data-id=\"88ded06\" data-element_type=\"column\" data-e-type=\"column\">\n\t\t\t<div class=\"elementor-widget-wrap elementor-element-populated\">\n\t\t\t\t\t\t<div class=\"elementor-element elementor-element-4c6cf09 elementor-widget elementor-widget-heading\" data-id=\"4c6cf09\" data-element_type=\"widget\" data-e-type=\"widget\" data-widget_type=\"heading.default\">\n\t\t\t\t<div class=\"elementor-widget-container\">\n\t\t\t\t\t<h2 class=\"elementor-heading-title elementor-size-default\">1. Informazioni legali<\/h2>\t\t\t\t<\/div>\n\t\t\t\t<\/div>\n\t\t\t\t<div class=\"elementor-element elementor-element-407aa70 elementor-widget elementor-widget-text-editor\" data-id=\"407aa70\" data-element_type=\"widget\" data-e-type=\"widget\" data-widget_type=\"text-editor.default\">\n\t\t\t\t<div class=\"elementor-widget-container\">\n\t\t\t\t\t\t\t\t\t<p>Ai fini di quanto disposto nell\u2019Art. 10.1 della Legge 34\/2002 dell\u201911 luglio sui Servizi della Societ\u00e0 dell\u2019Informazione e sulla Posta Elettronica (LSSI), si dichiara che il prestatore di servizi \u00e8 EVOLUCI\u00d3N INTERIOR S.L. (di seguito, \u201cEVOLUCI\u00d3N INTERIOR\u201d), una societ\u00e0 a responsabilit\u00e0 limitata costituita ai sensi della legge spagnola, con sede legale in Calle Ca\u00f1ada del Barco Viejo, numero 28 (28140 Fuente el Saz \u2013 Madrid), con numero fiscale CIF B88212659, iscritta al Registro delle Imprese di Madrid, Volume 32.517, Pagina 153, Foglio M-585279, Data di costituzione 09\/10\/2018. <a href=\"tel:0034629 64 99 64\">TEL: +34 629 64 99 64<\/a><br \/> Email di contatto: <a href=\"mailto:legal@innermastery.es\">legal@innermastery.es<\/a><\/p>\t\t\t\t\t\t\t\t<\/div>\n\t\t\t\t<\/div>\n\t\t\t\t\t<\/div>\n\t\t<\/div>\n\t\t\t\t\t<\/div>\n\t\t<\/section>\n\t\t\t\t<section class=\"elementor-section elementor-top-section elementor-element elementor-element-56f3d99 elementor-section-boxed elementor-section-height-default elementor-section-height-default\" data-id=\"56f3d99\" data-element_type=\"section\" data-e-type=\"section\" data-settings=\"{&quot;background_background&quot;:&quot;classic&quot;}\">\n\t\t\t\t\t\t<div class=\"elementor-container elementor-column-gap-default\">\n\t\t\t\t\t<div class=\"elementor-column elementor-col-100 elementor-top-column elementor-element elementor-element-9163ae3\" data-id=\"9163ae3\" data-element_type=\"column\" data-e-type=\"column\">\n\t\t\t<div class=\"elementor-widget-wrap elementor-element-populated\">\n\t\t\t\t\t\t<div class=\"elementor-element elementor-element-e038704 elementor-widget elementor-widget-heading\" data-id=\"e038704\" data-element_type=\"widget\" data-e-type=\"widget\" data-widget_type=\"heading.default\">\n\t\t\t\t<div class=\"elementor-widget-container\">\n\t\t\t\t\t<h2 class=\"elementor-heading-title elementor-size-default\">2. Contratto<\/h2>\t\t\t\t<\/div>\n\t\t\t\t<\/div>\n\t\t\t\t<div class=\"elementor-element elementor-element-057e8ee elementor-widget elementor-widget-text-editor\" data-id=\"057e8ee\" data-element_type=\"widget\" data-e-type=\"widget\" data-widget_type=\"text-editor.default\">\n\t\t\t\t<div class=\"elementor-widget-container\">\n\t\t\t\t\t\t\t\t\t<p>La societ\u00e0 fornisce servizi di organizzazione di conferenze, mini-congressi, ritiri, viaggi, corsi di formazione, seminari, concerti (di seguito congiuntamente denominati \u201cEVENTI\u201d) e offre l\u2019adesione a un Club di persone affini che formano una comunit\u00e0 di partecipanti, studenti e personale dell\u2019azienda.<\/p>   <p>Tutte le transazioni tra <strong>EVOLUCI\u00d3N INTERIOR<\/strong> e l\u2019utente (di seguito l\u2019\u201cUtente\u201d) avranno luogo in Spagna, sotto il dominio <a href=\"http:\/\/beyondinner.com\">http:\/\/beyondinner.com<\/a>, associato ai server dedicati ai Servizi di Eventi.<\/p>   <p>L\u2019acquisizione e l\u2019utilizzo dei Servizi di Eventi da parte di chiunque abbia meno di 18 anni o non abbia raggiunto la maggiore et\u00e0 secondo la legge spagnola \u00e8 severamente vietata.<\/p>   <p>Ai fini di quanto disposto nell\u2019Art. 27.a) della LSSI, la contrattazione tramite <a href=\"http:\/\/beyondinner.com\">http:\/\/beyondinner.com<\/a> sar\u00e0 effettuata attraverso i seguenti passaggi:<\/p>   <ul>        <li>Passo 1: Registrazione dell\u2019utente (dati del pagatore, dati del partecipante, selezione del piano di iscrizione), iscrizione facoltativa a newsletter e\/o offerte.<\/li>        <li>Passo 2: Accettazione dei Termini e Condizioni<\/li>        <li>Passo 3: Selezione della modalit\u00e0 di pagamento<\/li>        <li>Passo 4: Verifica dei dati di registrazione<\/li>        <li>Passo 5: Completamento della registrazione e visualizzazione della pagina di conferma<\/li>        <li>Passo 6: Invio di un\u2019e-mail di conferma con i dettagli della registrazione<\/li>  <\/ul>    <p><strong>EVOLUCI\u00d3N INTERIOR<\/strong> generer\u00e0 un documento elettronico contenente i dettagli della registrazione per i propri archivi e fornir\u00e0 al cliente l\u2019accesso e la piena conoscenza dello stesso inviando un\u2019e-mail con il suo contenuto una volta completato il processo di registrazione.<\/p>    <p>Dopo aver completato la registrazione, si invita gentilmente il cliente a verificare il contenuto per identificare eventuali errori materiali nei dati forniti; per correggerli, si prega di inviare un\u2019e-mail a <a href=\"mailto:administracion@innermastery.es\">administracion@innermastery.es<\/a> indicando i dati identificativi della registrazione.<\/p>    <p>La nostra procedura di contrattazione \u00e8 disponibile nelle seguenti lingue: spagnolo, inglese, francese, tedesco e italiano.<\/p>    <p>A seconda delle condizioni specifiche delle tariffe applicabili all\u2019iscrizione, il pagamento potr\u00e0 essere effettuato interamente o parzialmente in anticipo al momento del completamento della registrazione.<\/p>    <p>\u00c8 indispensabile inviare un\u2019e-mail o un messaggio di conferma del pagamento effettuato per l\u2019iscrizione, indicando nome e cognome, data e importo pagato a <a href=\"mailto:administracion@innermastery.es\">administracion@innermastery.es<\/a>.<\/p>    <p>I pagamenti possono essere effettuati tramite versamento bancario, bonifico bancario, carta di debito\/credito o PayPal.<\/p>    <p>Una volta effettuato il pagamento, l\u2019utente deve informarne via e-mail <a href=\"mailto:administracion@innermastery.es\">administracion@innermastery.es<\/a> e completare il modulo di iscrizione.<\/p>    <p><strong>EVOLUCI\u00d3N INTERIOR<\/strong> informer\u00e0 l\u2019utente del regolamento del Club e di altri aspetti rilevanti una volta confermata l\u2019iscrizione. L\u2019utente deve compilare un modulo fornendo i dati personali essenziali richiesti affinch\u00e9 <strong>EVOLUCI\u00d3N INTERIOR<\/strong> possa fornire correttamente il servizio. La mancata fornitura di uno qualsiasi di questi dati dar\u00e0 diritto a <strong>EVOLUCI\u00d3N INTERIOR<\/strong> di risolvere il contratto con l\u2019utente.<\/p>    <p>(Si prega di notare che, in conformit\u00e0 con l\u2019Art. 93.2.b) della Legge Generale Spagnola per la Difesa dei Consumatori e degli Utenti (LGDCyU), la normativa legale relativa al diritto di recesso non si applicher\u00e0 alle iscrizioni effettuate tramite questo sito web, e si applicheranno invece le seguenti condizioni specifiche in materia di cancellazione:<\/p>    <ol type=\"a\">        <li>Gli importi pagati per le quote di iscrizione al Club saranno rimborsati solo se la societ\u00e0 lo decide.<\/li>        <li>Se il partecipante annulla l\u2019iscrizione, il pagamento anticipato non sar\u00e0 rimborsato.<\/li>        <li>Se un socio del BeIn Club conferma la propria partecipazione a un evento e successivamente desidera annullarla, dovr\u00e0 fare riferimento alla politica di cancellazione della societ\u00e0 sul sito <a href=\"https:\/\/innermastery.es\">http:\/\/www.innermastery.es<\/a> \/ <a href=\"https:\/\/innermastery.eu\">http:\/\/www.innermastery.eu<\/a> e altri siti dell\u2019azienda: una volta confermata la partecipazione o la presenza a un\u2019attivit\u00e0 o evento tramite il pagamento in <strong>Innercoins<\/strong>, si tenga presente che tale importo sar\u00e0 accreditato al momento della conferma. Se successivamente si decidesse di non partecipare o non presenziare all\u2019evento, tale importo non sar\u00e0 rimborsato sul proprio conto <strong>Innercoins<\/strong>.<\/li>  <\/ol>\t\t\t\t\t\t\t\t<\/div>\n\t\t\t\t<\/div>\n\t\t\t\t\t<\/div>\n\t\t<\/div>\n\t\t\t\t\t<\/div>\n\t\t<\/section>\n\t\t\t\t<\/div>\n\t\t","protected":false},"excerpt":{"rendered":"<p>Termini e condizioni 1. Informazioni legali Ai fini di quanto disposto nell\u2019Art. 10.1 della Legge 34\/2002 dell\u201911 luglio sui Servizi della Societ\u00e0 dell\u2019Informazione e sulla Posta Elettronica (LSSI), si dichiara che il prestatore di servizi \u00e8 EVOLUCI\u00d3N INTERIOR S.L. (di seguito, \u201cEVOLUCI\u00d3N INTERIOR\u201d), una societ\u00e0 a responsabilit\u00e0 limitata costituita ai sensi della legge spagnola, con [&hellip;]<\/p>\n","protected":false},"author":9,"featured_media":0,"parent":0,"menu_order":0,"comment_status":"closed","ping_status":"closed","template":"elementor_header_footer","meta":{"_acf_changed":false,"site-sidebar-layout":"no-sidebar","site-content-layout":"page-builder","ast-site-content-layout":"default","site-content-style":"default","site-sidebar-style":"default","ast-global-header-display":"","ast-banner-title-visibility":"","ast-main-header-display":"","ast-hfb-above-header-display":"","ast-hfb-below-header-display":"","ast-hfb-mobile-header-display":"","site-post-title":"disabled","ast-breadcrumbs-content":"","ast-featured-img":"disabled","footer-sml-layout":"","ast-disable-related-posts":"","theme-transparent-header-meta":"","adv-header-id-meta":"","stick-header-meta":"","header-above-stick-meta":"","header-main-stick-meta":"","header-below-stick-meta":"","astra-migrate-meta-layouts":"default","ast-page-background-enabled":"default","ast-page-background-meta":{"desktop":{"background-color":"","background-image":"","background-repeat":"repeat","background-position":"center center","background-size":"auto","background-attachment":"scroll","background-type":"","background-media":"","overlay-type":"","overlay-color":"","overlay-opacity":"","overlay-gradient":""},"tablet":{"background-color":"","background-image":"","background-repeat":"repeat","background-position":"center center","background-size":"auto","background-attachment":"scroll","background-type":"","background-media":"","overlay-type":"","overlay-color":"","overlay-opacity":"","overlay-gradient":""},"mobile":{"background-color":"","background-image":"","background-repeat":"repeat","background-position":"center center","background-size":"auto","background-attachment":"scroll","background-type":"","background-media":"","overlay-type":"","overlay-color":"","overlay-opacity":"","overlay-gradient":""}},"ast-content-background-meta":{"desktop":{"background-color":"var(--ast-global-color-5)","background-image":"","background-repeat":"repeat","background-position":"center center","background-size":"auto","background-attachment":"scroll","background-type":"","background-media":"","overlay-type":"","overlay-color":"","overlay-opacity":"","overlay-gradient":""},"tablet":{"background-color":"var(--ast-global-color-5)","background-image":"","background-repeat":"repeat","background-position":"center center","background-size":"auto","background-attachment":"scroll","background-type":"","background-media":"","overlay-type":"","overlay-color":"","overlay-opacity":"","overlay-gradient":""},"mobile":{"background-color":"var(--ast-global-color-5)","background-image":"","background-repeat":"repeat","background-position":"center center","background-size":"auto","background-attachment":"scroll","background-type":"","background-media":"","overlay-type":"","overlay-color":"","overlay-opacity":"","overlay-gradient":""}},"_joinchat":[],"footnotes":""},"yst_prominent_words":[],"class_list":["post-22640","page","type-page","status-publish","hentry"],"acf":[],"jetpack_sharing_enabled":true,"_links":{"self":[{"href":"https:\/\/beyondinner.com\/it\/wp-json\/wp\/v2\/pages\/22640","targetHints":{"allow":["GET"]}}],"collection":[{"href":"https:\/\/beyondinner.com\/it\/wp-json\/wp\/v2\/pages"}],"about":[{"href":"https:\/\/beyondinner.com\/it\/wp-json\/wp\/v2\/types\/page"}],"author":[{"embeddable":true,"href":"https:\/\/beyondinner.com\/it\/wp-json\/wp\/v2\/users\/9"}],"replies":[{"embeddable":true,"href":"https:\/\/beyondinner.com\/it\/wp-json\/wp\/v2\/comments?post=22640"}],"version-history":[{"count":2,"href":"https:\/\/beyondinner.com\/it\/wp-json\/wp\/v2\/pages\/22640\/revisions"}],"predecessor-version":[{"id":31082,"href":"https:\/\/beyondinner.com\/it\/wp-json\/wp\/v2\/pages\/22640\/revisions\/31082"}],"wp:attachment":[{"href":"https:\/\/beyondinner.com\/it\/wp-json\/wp\/v2\/media?parent=22640"}],"wp:term":[{"taxonomy":"yst_prominent_words","embeddable":true,"href":"https:\/\/beyondinner.com\/it\/wp-json\/wp\/v2\/yst_prominent_words?post=22640"}],"curies":[{"name":"wp","href":"https:\/\/api.w.org\/{rel}","templated":true}]}}